{"id":20,"date":"2015-09-09T19:03:53","date_gmt":"2015-09-09T19:03:53","guid":{"rendered":"http:\/\/webpresence.es\/?page_id=20"},"modified":"2021-03-26T11:30:31","modified_gmt":"2021-03-26T11:30:31","slug":"inicio","status":"publish","type":"page","link":"https:\/\/webpresence.es\/","title":{"rendered":"Inicio"},"content":{"rendered":"<p>El principal problema de las p\u00e1ginas WEB Corporativas o Cat\u00e1logos virtuales, tanto con venta como s\u00f3lo cat\u00e1logos de muestra, es su poco dinamismo, una p\u00e1gina web no puede quedarse est\u00e1tica durante meses porque el inter\u00e9s que despertamos al principio de disolver\u00e1 como un azucarillo en el caf\u00e9. Igual que en nuestra tienda f\u00edsica o en nuestro negocio en general cambiamos permanentemente nuestras ofertas, nuestros m\u00e9todos, innovamos para estar a la vanguardia de nuestro sector, nuestra p\u00e1gina web no debe quedarse atr\u00e1s, a fin de cuentas nuestra p\u00e1gina web es nuestro escaparte al mundo.<\/p><p>Cuando hablamos de nuestra empresa, nuestros clientes miran nuestra p\u00e1gina web, si \u00e9sta no se actualiz\u00f3 desde haces meses, la imagen de nuestra empresa cae en picado en ese mismo instante, porque es como si temporada tras temporada, pasamos frente a un escaparate siempre igual, acabaremos por no mirarlo siquiera porque formar\u00e1 parte del paisaje y como cualquier paisaje, por precioso que sea, cuando lo ves igual a diario, dejas de mirarlo.<\/p><p>Webpresence te ofrece la oportunidad de mantener viva tu web al menor coste posible, s\u00f3lo debes decirnos qu\u00e9 cambiar, cual es tu \u00faltima oferta, qu\u00e9 nuevo producto comercializas y lo pondremos de inmediato en tu web, con la importancia que consideres, y tratando de que el esfuerzo sea nuestro no tuyo.<\/p><p>As\u00ed mismo haremos que esta novedad est\u00e9 enseguida en tus redes sociales, y en los \u00edndices de Google.<\/p><p>S\u00e9 consciente de la importancia que tiene Internet en la actualidad (\u00a1YA NO ES EL FUTURO!) para tu negocio, es parte de \u00e9l, ya no bajamos a buscar un art\u00edculo a la calle, primero lo buscamos por Internet, cercan\u00eda, calidad y precio, y si no que me lo traigan a casa.<\/p><img loading=\"lazy\" decoding=\"async\" src=\"https:\/\/elorodelosandes.com\/wp-content\/plugins\/affiliates-manager\/imp.php?wpam_refkey=lAhw0Mlg-utXpUR4xxKtCNnKlMk10000000000\" width=\"0\" height=\"0\" \/><a href=\"https:\/\/elorodelosandes.com\/amaranto\/?wpam_id=4\" title=\"Amaranto ecol\u00f3gico El oro de los Andes\">Amaranto ecol\u00f3gico El oro de los Andes<\/a>","protected":false},"excerpt":{"rendered":"<p>El principal problema de las p\u00e1ginas WEB Corporativas o Cat\u00e1logos virtuales, tanto con venta como s\u00f3lo cat\u00e1logos de muestra, es su poco dinamismo, una p\u00e1gina web no puede quedarse est\u00e1tica durante meses porque el inter\u00e9s que despertamos al principio de disolver\u00e1 como un azucarillo en el caf\u00e9. Igual que en nuestra tienda f\u00edsica o en&hellip; <a class=\"more-link\" href=\"https:\/\/webpresence.es\/\">Seguir leyendo <span class=\"screen-reader-text\">Inicio<\/span><\/a><\/p>\n","protected":false},"author":1,"featured_media":0,"parent":0,"menu_order":0,"comment_status":"open","ping_status":"closed","template":"","meta":{"footnotes":""},"class_list":["post-20","page","type-page","status-publish","hentry","entry"],"jetpack_sharing_enabled":true,"_links":{"self":[{"href":"https:\/\/webpresence.es\/index.php?rest_route=\/wp\/v2\/pages\/20","targetHints":{"allow":["GET"]}}],"collection":[{"href":"https:\/\/webpresence.es\/index.php?rest_route=\/wp\/v2\/pages"}],"about":[{"href":"https:\/\/webpresence.es\/index.php?rest_route=\/wp\/v2\/types\/page"}],"author":[{"embeddable":true,"href":"https:\/\/webpresence.es\/index.php?rest_route=\/wp\/v2\/users\/1"}],"replies":[{"embeddable":true,"href":"https:\/\/webpresence.es\/index.php?rest_route=%2Fwp%2Fv2%2Fcomments&post=20"}],"version-history":[{"count":4,"href":"https:\/\/webpresence.es\/index.php?rest_route=\/wp\/v2\/pages\/20\/revisions"}],"predecessor-version":[{"id":43,"href":"https:\/\/webpresence.es\/index.php?rest_route=\/wp\/v2\/pages\/20\/revisions\/43"}],"wp:attachment":[{"href":"https:\/\/webpresence.es\/index.php?rest_route=%2Fwp%2Fv2%2Fmedia&parent=20"}],"curies":[{"name":"wp","href":"https:\/\/api.w.org\/{rel}","templated":true}]}}